{"id":1470,"date":"2022-09-13T09:19:34","date_gmt":"2022-09-13T13:19:34","guid":{"rendered":"https:\/\/brpconsultants.com\/plan-a-training-session-now\/"},"modified":"2023-04-24T13:30:07","modified_gmt":"2023-04-24T17:30:07","slug":"plan-a-training-session-now","status":"publish","type":"page","link":"https:\/\/brpconsultants.com\/en\/plan-a-training-session-now\/","title":{"rendered":"Plan a training session now!"},"content":{"rendered":"\t\t<div data-elementor-type=\"wp-page\" data-elementor-id=\"1470\" class=\"elementor elementor-1470 elementor-730\" data-elementor-post-type=\"page\">\n\t\t\t\t\t\t<section class=\"elementor-section elementor-top-section elementor-element elementor-element-46f18b7c elementor-section-boxed elementor-section-height-default elementor-section-height-default\" data-id=\"46f18b7c\" data-element_type=\"section\" data-e-type=\"section\">\n\t\t\t\t\t\t<div class=\"elementor-container elementor-column-gap-default\">\n\t\t\t\t\t<div class=\"elementor-column elementor-col-100 elementor-top-column elementor-element elementor-element-309f860\" data-id=\"309f860\" data-element_type=\"column\" data-e-type=\"column\">\n\t\t\t<div class=\"elementor-widget-wrap elementor-element-populated\">\n\t\t\t\t\t\t<div class=\"elementor-element elementor-element-60717c33 elementor-widget elementor-widget-heading\" data-id=\"60717c33\" data-element_type=\"widget\" data-e-type=\"widget\" data-widget_type=\"heading.default\">\n\t\t\t\t<div class=\"elementor-widget-container\">\n\t\t\t\t\t<h1 class=\"elementor-heading-title elementor-size-default\">Plan a training session now!<\/h1>\t\t\t\t<\/div>\n\t\t\t\t<\/div>\n\t\t\t\t\t<\/div>\n\t\t<\/div>\n\t\t\t\t\t<\/div>\n\t\t<\/section>\n\t\t\t\t<section class=\"elementor-section elementor-top-section elementor-element elementor-element-9b40274 elementor-section-boxed elementor-section-height-default elementor-section-height-default\" data-id=\"9b40274\" data-element_type=\"section\" data-e-type=\"section\">\n\t\t\t\t\t\t<div class=\"elementor-container elementor-column-gap-default\">\n\t\t\t\t\t<div class=\"elementor-column elementor-col-100 elementor-top-column elementor-element elementor-element-d99dff8\" data-id=\"d99dff8\" data-element_type=\"column\" data-e-type=\"column\">\n\t\t\t<div class=\"elementor-widget-wrap elementor-element-populated\">\n\t\t\t\t\t\t<div class=\"elementor-element elementor-element-a8c1298 elementor-button-align-start elementor-widget elementor-widget-form\" data-id=\"a8c1298\" data-element_type=\"widget\" data-e-type=\"widget\" data-settings=\"{&quot;step_next_label&quot;:&quot;Next&quot;,&quot;step_previous_label&quot;:&quot;Previous&quot;,&quot;button_width&quot;:&quot;100&quot;,&quot;step_type&quot;:&quot;number_text&quot;,&quot;step_icon_shape&quot;:&quot;circle&quot;}\" data-widget_type=\"form.default\">\n\t\t\t\t<div class=\"elementor-widget-container\">\n\t\t\t\t\t\t\t<form class=\"elementor-form\" method=\"post\" name=\"New form\" aria-label=\"New form\">\n\t\t\t<input type=\"hidden\" name=\"post_id\" value=\"1470\"\/>\n\t\t\t<input type=\"hidden\" name=\"form_id\" value=\"a8c1298\"\/>\n\t\t\t<input type=\"hidden\" name=\"referer_title\" value=\"Free estimate | Dangerous goods training - BRP\" \/>\n\n\t\t\t\t\t\t\t<input type=\"hidden\" name=\"queried_id\" value=\"1470\"\/>\n\t\t\t\n\t\t\t<div class=\"elementor-form-fields-wrapper elementor-labels-above\">\n\t\t\t\t\t\t\t\t<div class=\"elementor-field-type-html elementor-field-group elementor-column elementor-field-group-field_2c5e8e4 elementor-col-100\">\n\t\t\t\t\t<hr>\n<h4>Applicant Information<\/h4>\t\t\t\t<\/div>\n\t\t\t\t\t\t\t\t<div class=\"elementor-field-type-text elementor-field-group elementor-column elementor-field-group-name elementor-col-50 elementor-field-required\">\n\t\t\t\t\t\t\t\t\t\t\t\t<label for=\"form-field-name\" class=\"elementor-field-label\">\n\t\t\t\t\t\t\t\tFirst name *\t\t\t\t\t\t\t<\/label>\n\t\t\t\t\t\t\t\t\t\t\t\t\t\t<input size=\"1\" type=\"text\" name=\"form_fields[name]\" id=\"form-field-name\" class=\"elementor-field elementor-size-sm  elementor-field-textual\" placeholder=\"First name\" required=\"required\">\n\t\t\t\t\t\t\t\t\t\t\t<\/div>\n\t\t\t\t\t\t\t\t<div class=\"elementor-field-type-text elementor-field-group elementor-column elementor-field-group-field_582534e elementor-col-50 elementor-field-required\">\n\t\t\t\t\t\t\t\t\t\t\t\t<label for=\"form-field-field_582534e\" class=\"elementor-field-label\">\n\t\t\t\t\t\t\t\tName *\t\t\t\t\t\t\t<\/label>\n\t\t\t\t\t\t\t\t\t\t\t\t\t\t<input size=\"1\" type=\"text\" name=\"form_fields[field_582534e]\" id=\"form-field-field_582534e\" class=\"elementor-field elementor-size-sm  elementor-field-textual\" placeholder=\"Name\" required=\"required\">\n\t\t\t\t\t\t\t\t\t\t\t<\/div>\n\t\t\t\t\t\t\t\t<div class=\"elementor-field-type-text elementor-field-group elementor-column elementor-field-group-field_bfc8069 elementor-col-50 elementor-field-required\">\n\t\t\t\t\t\t\t\t\t\t\t\t<label for=\"form-field-field_bfc8069\" class=\"elementor-field-label\">\n\t\t\t\t\t\t\t\tCompany Name *\t\t\t\t\t\t\t<\/label>\n\t\t\t\t\t\t\t\t\t\t\t\t\t\t<input size=\"1\" type=\"text\" name=\"form_fields[field_bfc8069]\" id=\"form-field-field_bfc8069\" class=\"elementor-field elementor-size-sm  elementor-field-textual\" placeholder=\"Company Name\" required=\"required\">\n\t\t\t\t\t\t\t\t\t\t\t<\/div>\n\t\t\t\t\t\t\t\t<div class=\"elementor-field-type-email elementor-field-group elementor-column elementor-field-group-email elementor-col-50 elementor-field-required\">\n\t\t\t\t\t\t\t\t\t\t\t\t<label for=\"form-field-email\" class=\"elementor-field-label\">\n\t\t\t\t\t\t\t\tEmail *\t\t\t\t\t\t\t<\/label>\n\t\t\t\t\t\t\t\t\t\t\t\t\t\t<input size=\"1\" type=\"email\" name=\"form_fields[email]\" id=\"form-field-email\" class=\"elementor-field elementor-size-sm  elementor-field-textual\" placeholder=\"Email\" required=\"required\">\n\t\t\t\t\t\t\t\t\t\t\t<\/div>\n\t\t\t\t\t\t\t\t<div class=\"elementor-field-type-tel elementor-field-group elementor-column elementor-field-group-field_c86a807 elementor-col-50 elementor-field-required\">\n\t\t\t\t\t\t\t\t\t\t\t\t<label for=\"form-field-field_c86a807\" class=\"elementor-field-label\">\n\t\t\t\t\t\t\t\tPhone *\t\t\t\t\t\t\t<\/label>\n\t\t\t\t\t\t\t\t<input size=\"1\" type=\"tel\" name=\"form_fields[field_c86a807]\" id=\"form-field-field_c86a807\" class=\"elementor-field elementor-size-sm  elementor-field-textual\" placeholder=\"Phone\" required=\"required\" pattern=\"[0-9()#&amp;+*-=.]+\" title=\"Only numbers and phone characters (#, -, *, etc) are accepted.\">\n\n\t\t\t\t\t\t<\/div>\n\t\t\t\t\t\t\t\t<div class=\"elementor-field-type-tel elementor-field-group elementor-column elementor-field-group-field_bec1f69 elementor-col-25\">\n\t\t\t\t\t\t\t\t\t\t\t\t<label for=\"form-field-field_bec1f69\" class=\"elementor-field-label\">\n\t\t\t\t\t\t\t\tExtension\t\t\t\t\t\t\t<\/label>\n\t\t\t\t\t\t\t\t<input size=\"1\" type=\"tel\" name=\"form_fields[field_bec1f69]\" id=\"form-field-field_bec1f69\" class=\"elementor-field elementor-size-sm  elementor-field-textual\" placeholder=\"Extension\" pattern=\"[0-9()#&amp;+*-=.]+\" title=\"Only numbers and phone characters (#, -, *, etc) are accepted.\">\n\n\t\t\t\t\t\t<\/div>\n\t\t\t\t\t\t\t\t<div class=\"elementor-field-type-html elementor-field-group elementor-column elementor-field-group-field_e1bf9dc elementor-col-100\">\n\t\t\t\t\t<hr>\n<h4>Address<\/h4>\t\t\t\t<\/div>\n\t\t\t\t\t\t\t\t<div class=\"elementor-field-type-text elementor-field-group elementor-column elementor-field-group-field_307a175 elementor-col-50 elementor-field-required\">\n\t\t\t\t\t\t\t\t\t\t\t\t<label for=\"form-field-field_307a175\" class=\"elementor-field-label\">\n\t\t\t\t\t\t\t\tCivic number *\t\t\t\t\t\t\t<\/label>\n\t\t\t\t\t\t\t\t\t\t\t\t\t\t<input size=\"1\" type=\"text\" name=\"form_fields[field_307a175]\" id=\"form-field-field_307a175\" class=\"elementor-field elementor-size-sm  elementor-field-textual\" placeholder=\"Civic number\" required=\"required\">\n\t\t\t\t\t\t\t\t\t\t\t<\/div>\n\t\t\t\t\t\t\t\t<div class=\"elementor-field-type-text elementor-field-group elementor-column elementor-field-group-field_c343696 elementor-col-50 elementor-field-required\">\n\t\t\t\t\t\t\t\t\t\t\t\t<label for=\"form-field-field_c343696\" class=\"elementor-field-label\">\n\t\t\t\t\t\t\t\tStreet *\t\t\t\t\t\t\t<\/label>\n\t\t\t\t\t\t\t\t\t\t\t\t\t\t<input size=\"1\" type=\"text\" name=\"form_fields[field_c343696]\" id=\"form-field-field_c343696\" class=\"elementor-field elementor-size-sm  elementor-field-textual\" placeholder=\"Street\" required=\"required\">\n\t\t\t\t\t\t\t\t\t\t\t<\/div>\n\t\t\t\t\t\t\t\t<div class=\"elementor-field-type-text elementor-field-group elementor-column elementor-field-group-field_7e178b9 elementor-col-50 elementor-field-required\">\n\t\t\t\t\t\t\t\t\t\t\t\t<label for=\"form-field-field_7e178b9\" class=\"elementor-field-label\">\n\t\t\t\t\t\t\t\tCity *\t\t\t\t\t\t\t<\/label>\n\t\t\t\t\t\t\t\t\t\t\t\t\t\t<input size=\"1\" type=\"text\" name=\"form_fields[field_7e178b9]\" id=\"form-field-field_7e178b9\" class=\"elementor-field elementor-size-sm  elementor-field-textual\" placeholder=\"City\" required=\"required\">\n\t\t\t\t\t\t\t\t\t\t\t<\/div>\n\t\t\t\t\t\t\t\t<div class=\"elementor-field-type-select elementor-field-group elementor-column elementor-field-group-field_0967bcc elementor-col-50 elementor-field-required\">\n\t\t\t\t\t\t\t\t\t\t\t\t<label for=\"form-field-field_0967bcc\" class=\"elementor-field-label\">\n\t\t\t\t\t\t\t\tProvince *\t\t\t\t\t\t\t<\/label>\n\t\t\t\t\t\t\t\t<div class=\"elementor-field elementor-select-wrapper remove-before \">\n\t\t\t<div class=\"select-caret-down-wrapper\">\n\t\t\t\t<i aria-hidden=\"true\" class=\"eicon-caret-down\"><\/i>\t\t\t<\/div>\n\t\t\t<select name=\"form_fields[field_0967bcc]\" id=\"form-field-field_0967bcc\" class=\"elementor-field-textual elementor-size-sm\" required=\"required\">\n\t\t\t\t\t\t\t\t\t<option value=\"-- Please select your province --\">-- Please select your province --<\/option>\n\t\t\t\t\t\t\t\t\t<option value=\"Quebec\">Quebec<\/option>\n\t\t\t\t\t\t\t\t\t<option value=\"Alberta\">Alberta<\/option>\n\t\t\t\t\t\t\t\t\t<option value=\"British Columbia\">British Columbia<\/option>\n\t\t\t\t\t\t\t\t\t<option value=\"Manitoba\">Manitoba<\/option>\n\t\t\t\t\t\t\t\t\t<option value=\"New Brunswick\">New Brunswick<\/option>\n\t\t\t\t\t\t\t\t\t<option value=\"Newfoundland and Labrador\">Newfoundland and Labrador<\/option>\n\t\t\t\t\t\t\t\t\t<option value=\"Northwest Territories\">Northwest Territories<\/option>\n\t\t\t\t\t\t\t\t\t<option value=\"Nova Scotia\">Nova Scotia<\/option>\n\t\t\t\t\t\t\t\t\t<option value=\"Nunavut\">Nunavut<\/option>\n\t\t\t\t\t\t\t\t\t<option value=\"Ontario\">Ontario<\/option>\n\t\t\t\t\t\t\t\t\t<option value=\"Prince Edward Island\">Prince Edward Island<\/option>\n\t\t\t\t\t\t\t\t\t<option value=\"Saskatchewan\">Saskatchewan<\/option>\n\t\t\t\t\t\t\t\t\t<option value=\"Yukon\">Yukon<\/option>\n\t\t\t\t\t\t\t<\/select>\n\t\t<\/div>\n\t\t\t\t\t\t<\/div>\n\t\t\t\t\t\t\t\t<div class=\"elementor-field-type-text elementor-field-group elementor-column elementor-field-group-field_23bc462 elementor-col-50 elementor-field-required\">\n\t\t\t\t\t\t\t\t\t\t\t\t<label for=\"form-field-field_23bc462\" class=\"elementor-field-label\">\n\t\t\t\t\t\t\t\tPostal code *\t\t\t\t\t\t\t<\/label>\n\t\t\t\t\t\t\t\t\t\t\t\t\t\t<input size=\"1\" type=\"text\" name=\"form_fields[field_23bc462]\" id=\"form-field-field_23bc462\" class=\"elementor-field elementor-size-sm  elementor-field-textual\" placeholder=\"Postal code\" required=\"required\">\n\t\t\t\t\t\t\t\t\t\t\t<\/div>\n\t\t\t\t\t\t\t\t<div class=\"elementor-field-type-html elementor-field-group elementor-column elementor-field-group-field_358164f elementor-col-100\">\n\t\t\t\t\t<hr>\n<h4>Training Information<\/h4>\t\t\t\t<\/div>\n\t\t\t\t\t\t\t\t<div class=\"elementor-field-type-checkbox elementor-field-group elementor-column elementor-field-group-field_b171729 elementor-col-100\">\n\t\t\t\t\t\t\t\t\t\t\t\t<label for=\"form-field-field_b171729\" class=\"elementor-field-label\">\n\t\t\t\t\t\t\t\tRequired training\t\t\t\t\t\t\t<\/label>\n\t\t\t\t\t\t<div class=\"elementor-field-subgroup  \"><span class=\"elementor-field-option\"><input type=\"checkbox\" value=\"TDGR - The Transportation of Dangerous Goods Regulations\" id=\"form-field-field_b171729-0\" name=\"form_fields[field_b171729][]\"> <label for=\"form-field-field_b171729-0\">TDGR - The Transportation of Dangerous Goods Regulations<\/label><\/span><span class=\"elementor-field-option\"><input type=\"checkbox\" value=\"IATA - Air transport of dangerous goods\" id=\"form-field-field_b171729-1\" name=\"form_fields[field_b171729][]\"> <label for=\"form-field-field_b171729-1\">IATA - Air transport of dangerous goods<\/label><\/span><span class=\"elementor-field-option\"><input type=\"checkbox\" value=\"IMDG - Maritime transport of dangerous goods\" id=\"form-field-field_b171729-2\" name=\"form_fields[field_b171729][]\"> <label for=\"form-field-field_b171729-2\">IMDG - Maritime transport of dangerous goods<\/label><\/span><span class=\"elementor-field-option\"><input type=\"checkbox\" value=\"TDG - Shipping and Transporting of Biological Materials\" id=\"form-field-field_b171729-3\" name=\"form_fields[field_b171729][]\"> <label for=\"form-field-field_b171729-3\">TDG - Shipping and Transporting of Biological Materials<\/label><\/span><span class=\"elementor-field-option\"><input type=\"checkbox\" value=\"WHMIS - Workplace Hazardous Materials\" id=\"form-field-field_b171729-4\" name=\"form_fields[field_b171729][]\"> <label for=\"form-field-field_b171729-4\">WHMIS - Workplace Hazardous Materials<\/label><\/span><span class=\"elementor-field-option\"><input type=\"checkbox\" value=\"SGH - Syst\u00e8me g\u00e9n\u00e9ral harmonis\u00e9\" id=\"form-field-field_b171729-5\" name=\"form_fields[field_b171729][]\"> <label for=\"form-field-field_b171729-5\">SGH - Syst\u00e8me g\u00e9n\u00e9ral harmonis\u00e9<\/label><\/span><span class=\"elementor-field-option\"><input type=\"checkbox\" value=\"Lifting equipment training\" id=\"form-field-field_b171729-6\" name=\"form_fields[field_b171729][]\"> <label for=\"form-field-field_b171729-6\">Lifting equipment training<\/label><\/span><\/div>\t\t\t\t<\/div>\n\t\t\t\t\t\t\t\t<div class=\"elementor-field-type-text elementor-field-group elementor-column elementor-field-group-field_f8c2754 elementor-col-50 elementor-field-required\">\n\t\t\t\t\t\t\t\t\t\t\t\t<label for=\"form-field-field_f8c2754\" class=\"elementor-field-label\">\n\t\t\t\t\t\t\t\tNumber of people to train *\t\t\t\t\t\t\t<\/label>\n\t\t\t\t\t\t\t\t\t\t\t\t\t\t<input size=\"1\" type=\"text\" name=\"form_fields[field_f8c2754]\" id=\"form-field-field_f8c2754\" class=\"elementor-field elementor-size-sm  elementor-field-textual\" placeholder=\"Number of people to train\" required=\"required\">\n\t\t\t\t\t\t\t\t\t\t\t<\/div>\n\t\t\t\t\t\t\t\t<div class=\"elementor-field-type-select elementor-field-group elementor-column elementor-field-group-field_f4237b3 elementor-col-50\">\n\t\t\t\t\t\t\t\t\t\t\t\t<label for=\"form-field-field_f4237b3\" class=\"elementor-field-label\">\n\t\t\t\t\t\t\t\tInitial or update training? *\t\t\t\t\t\t\t<\/label>\n\t\t\t\t\t\t\t\t<div class=\"elementor-field elementor-select-wrapper remove-before \">\n\t\t\t<div class=\"select-caret-down-wrapper\">\n\t\t\t\t<i aria-hidden=\"true\" class=\"eicon-caret-down\"><\/i>\t\t\t<\/div>\n\t\t\t<select name=\"form_fields[field_f4237b3]\" id=\"form-field-field_f4237b3\" class=\"elementor-field-textual elementor-size-sm\">\n\t\t\t\t\t\t\t\t\t<option value=\"-- Please choose one --\">-- Please choose one --<\/option>\n\t\t\t\t\t\t\t\t\t<option value=\"Initial\">Initial<\/option>\n\t\t\t\t\t\t\t\t\t<option value=\"Update\">Update<\/option>\n\t\t\t\t\t\t\t<\/select>\n\t\t<\/div>\n\t\t\t\t\t\t<\/div>\n\t\t\t\t\t\t\t\t<div class=\"elementor-field-type-text elementor-field-group elementor-column elementor-field-group-field_5fdae98 elementor-col-50 elementor-field-required\">\n\t\t\t\t\t\t\t\t\t\t\t\t<label for=\"form-field-field_5fdae98\" class=\"elementor-field-label\">\n\t\t\t\t\t\t\t\tWorking schedule *\t\t\t\t\t\t\t<\/label>\n\t\t\t\t\t\t\t\t\t\t\t\t\t\t<input size=\"1\" type=\"text\" name=\"form_fields[field_5fdae98]\" id=\"form-field-field_5fdae98\" class=\"elementor-field elementor-size-sm  elementor-field-textual\" placeholder=\"Working schedule\" required=\"required\">\n\t\t\t\t\t\t\t\t\t\t\t<\/div>\n\t\t\t\t\t\t\t\t<div class=\"elementor-field-type-html elementor-field-group elementor-column elementor-field-group-field_4a014bb elementor-col-100\">\n\t\t\t\t\t<hr>\n<h4>Additional Information<\/h4>\t\t\t\t<\/div>\n\t\t\t\t\t\t\t\t<div class=\"elementor-field-type-textarea elementor-field-group elementor-column elementor-field-group-field_e15d7af elementor-col-100\">\n\t\t\t\t\t\t\t\t\t\t\t\t<label for=\"form-field-field_e15d7af\" class=\"elementor-field-label\">\n\t\t\t\t\t\t\t\tNotes \/ Comments\t\t\t\t\t\t\t<\/label>\n\t\t\t\t\t\t<textarea class=\"elementor-field-textual elementor-field  elementor-size-sm\" name=\"form_fields[field_e15d7af]\" id=\"form-field-field_e15d7af\" rows=\"4\"><\/textarea>\t\t\t\t<\/div>\n\t\t\t\t\t\t\t\t<div class=\"elementor-field-type-html elementor-field-group elementor-column elementor-field-group-field_d651d8b elementor-col-100\">\n\t\t\t\t\t<hr>\n<h4>Terms and conditions<\/h4>\nThe information and contact details will be verified by telephone. By submitting your request, you agree to provide us with your personal information. This information will not be shared with a third party other than our strategic partners, and this only for the purpose of carrying out the requested mandate. No advertising will be transmitted by any means whatsoever.\t\t\t\t<\/div>\n\t\t\t\t\t\t\t\t<div class=\"elementor-field-group elementor-column elementor-field-type-submit elementor-col-100 e-form__buttons\">\n\t\t\t\t\t<button class=\"elementor-button elementor-size-sm\" type=\"submit\" id=\"btn-envoyer-planifier-formation\">\n\t\t\t\t\t\t<span class=\"elementor-button-content-wrapper\">\n\t\t\t\t\t\t\t\t\t\t\t\t\t\t\t\t\t\t\t\t\t\t<span class=\"elementor-button-text\">Finalize and send my price request<\/span>\n\t\t\t\t\t\t\t\t\t\t\t\t\t<\/span>\n\t\t\t\t\t<\/button>\n\t\t\t\t<\/div>\n\t\t\t<\/div>\n\t\t<\/form>\n\t\t\t\t\t\t<\/div>\n\t\t\t\t<\/div>\n\t\t\t\t\t<\/div>\n\t\t<\/div>\n\t\t\t\t\t<\/div>\n\t\t<\/section>\n\t\t\t\t<\/div>\n\t\t","protected":false},"excerpt":{"rendered":"<p>Plan a training session now!<\/p>\n","protected":false},"author":5,"featured_media":0,"parent":0,"menu_order":0,"comment_status":"closed","ping_status":"closed","template":"elementor_header_footer","meta":{"inline_featured_image":false,"footnotes":""},"class_list":["post-1470","page","type-page","status-publish","hentry"],"_links":{"self":[{"href":"https:\/\/brpconsultants.com\/en\/wp-json\/wp\/v2\/pages\/1470","targetHints":{"allow":["GET"]}}],"collection":[{"href":"https:\/\/brpconsultants.com\/en\/wp-json\/wp\/v2\/pages"}],"about":[{"href":"https:\/\/brpconsultants.com\/en\/wp-json\/wp\/v2\/types\/page"}],"author":[{"embeddable":true,"href":"https:\/\/brpconsultants.com\/en\/wp-json\/wp\/v2\/users\/5"}],"replies":[{"embeddable":true,"href":"https:\/\/brpconsultants.com\/en\/wp-json\/wp\/v2\/comments?post=1470"}],"version-history":[{"count":14,"href":"https:\/\/brpconsultants.com\/en\/wp-json\/wp\/v2\/pages\/1470\/revisions"}],"predecessor-version":[{"id":2451,"href":"https:\/\/brpconsultants.com\/en\/wp-json\/wp\/v2\/pages\/1470\/revisions\/2451"}],"wp:attachment":[{"href":"https:\/\/brpconsultants.com\/en\/wp-json\/wp\/v2\/media?parent=1470"}],"curies":[{"name":"wp","href":"https:\/\/api.w.org\/{rel}","templated":true}]}}